{"id":927,"date":"2024-12-04T21:04:31","date_gmt":"2024-12-04T20:04:31","guid":{"rendered":"https:\/\/eglise-acm.org\/?page_id=927"},"modified":"2025-02-07T14:52:42","modified_gmt":"2025-02-07T13:52:42","slug":"date-avec-dieu","status":"publish","type":"page","link":"https:\/\/eglise-acm.org\/index.php\/date-avec-dieu\/","title":{"rendered":"Date avec Dieu"},"content":{"rendered":"<p>[et_pb_section fb_built=\u00a0\u00bb1&Prime; _builder_version=\u00a0\u00bb4.27.4&Prime; _module_preset=\u00a0\u00bbdefault\u00a0\u00bb background_color=\u00a0\u00bb#FFFFFF\u00a0\u00bb width_tablet=\u00a0\u00bb\u00a0\u00bb width_phone=\u00a0\u00bb100%\u00a0\u00bb width_last_edited=\u00a0\u00bbon|phone\u00a0\u00bb max_width_tablet=\u00a0\u00bb\u00a0\u00bb max_width_phone=\u00a0\u00bb100%\u00a0\u00bb max_width_last_edited=\u00a0\u00bbon|phone\u00a0\u00bb min_height_tablet=\u00a0\u00bb\u00a0\u00bb min_height_phone=\u00a0\u00bb180px\u00a0\u00bb min_height_last_edited=\u00a0\u00bbon|phone\u00a0\u00bb height_tablet=\u00a0\u00bb\u00a0\u00bb height_phone=\u00a0\u00bb\u00a0\u00bb height_last_edited=\u00a0\u00bbon|phone\u00a0\u00bb max_height_tablet=\u00a0\u00bb\u00a0\u00bb max_height_phone=\u00a0\u00bb227px\u00a0\u00bb max_height_last_edited=\u00a0\u00bbon|phone\u00a0\u00bb custom_padding=\u00a0\u00bb28px||17px|||\u00a0\u00bb bottom_divider_color=\u00a0\u00bb#ec6069&Prime; bottom_divider_flip=\u00a0\u00bbhorizontal\u00a0\u00bb bottom_divider_style_tablet=\u00a0\u00bbramp2&Prime; bottom_divider_style_phone=\u00a0\u00bbnone\u00a0\u00bb bottom_divider_style_last_edited=\u00a0\u00bbon|phone\u00a0\u00bb hover_enabled=\u00a0\u00bb0&Prime; module_alignment_tablet=\u00a0\u00bb\u00a0\u00bb module_alignment_phone=\u00a0\u00bbcenter\u00a0\u00bb module_alignment_last_edited=\u00a0\u00bbon|phone\u00a0\u00bb global_colors_info=\u00a0\u00bb{}\u00a0\u00bb sticky_enabled=\u00a0\u00bb0&Prime;][et_pb_row column_structure=\u00a0\u00bb1_3,2_3&Prime; use_custom_gutter=\u00a0\u00bbon\u00a0\u00bb make_equal=\u00a0\u00bbon\u00a0\u00bb _builder_version=\u00a0\u00bb4.27.4&Prime; _module_preset=\u00a0\u00bbdefault\u00a0\u00bb min_height_tablet=\u00a0\u00bb\u00a0\u00bb min_height_phone=\u00a0\u00bb100px\u00a0\u00bb min_height_last_edited=\u00a0\u00bbon|phone\u00a0\u00bb height_tablet=\u00a0\u00bb\u00a0\u00bb height_phone=\u00a0\u00bb\u00a0\u00bb height_last_edited=\u00a0\u00bbon|phone\u00a0\u00bb max_height_tablet=\u00a0\u00bb\u00a0\u00bb max_height_phone=\u00a0\u00bb100px\u00a0\u00bb max_height_last_edited=\u00a0\u00bbon|phone\u00a0\u00bb module_alignment_tablet=\u00a0\u00bb\u00a0\u00bb module_alignment_phone=\u00a0\u00bbcenter\u00a0\u00bb module_alignment_last_edited=\u00a0\u00bbon|phone\u00a0\u00bb global_colors_info=\u00a0\u00bb{}\u00a0\u00bb][et_pb_column type=\u00a0\u00bb1_3&Prime; _builder_version=\u00a0\u00bb4.27.4&Prime; _module_preset=\u00a0\u00bbdefault\u00a0\u00bb custom_padding=\u00a0\u00bb||||true\u00a0\u00bb custom_padding_tablet=\u00a0\u00bb||||true\u00a0\u00bb custom_padding_phone=\u00a0\u00bb4px|34px|4px|34px|true|true\u00a0\u00bb custom_padding_last_edited=\u00a0\u00bbon|phone\u00a0\u00bb global_colors_info=\u00a0\u00bb{}\u00a0\u00bb][et_pb_image src=\u00a0\u00bbhttps:\/\/eglise-acm.org\/wp-content\/uploads\/2024\/12\/Logo-rond.png\u00a0\u00bb title_text=\u00a0\u00bbLogo rond\u00a0\u00bb _builder_version=\u00a0\u00bb4.27.4&Prime; _module_preset=\u00a0\u00bbdefault\u00a0\u00bb animation_style=\u00a0\u00bbslide\u00a0\u00bb animation_direction=\u00a0\u00bbleft\u00a0\u00bb border_width_all=\u00a0\u00bb15px\u00a0\u00bb border_color_all=\u00a0\u00bbRGBA(255,255,255,0)\u00a0\u00bb global_colors_info=\u00a0\u00bb{}\u00a0\u00bb][\/et_pb_image][\/et_pb_column][et_pb_column type=\u00a0\u00bb2_3&Prime; _builder_version=\u00a0\u00bb4.27.0&Prime; _module_preset=\u00a0\u00bbdefault\u00a0\u00bb global_colors_info=\u00a0\u00bb{}\u00a0\u00bb][et_pb_text _builder_version=\u00a0\u00bb4.27.4&Prime; _module_preset=\u00a0\u00bbdefault\u00a0\u00bb header_font=\u00a0\u00bbOswald||||||||\u00a0\u00bb module_alignment=\u00a0\u00bbcenter\u00a0\u00bb custom_padding=\u00a0\u00bb34px|0px|0px|0px|false|true\u00a0\u00bb animation_style=\u00a0\u00bbslide\u00a0\u00bb animation_direction=\u00a0\u00bbright\u00a0\u00bb global_colors_info=\u00a0\u00bb{}\u00a0\u00bb]<\/p>\n<h3 class=\"font_7 wixui-rich-text__text\" style=\"text-align: justify;\"><span style=\"color: #33cccc;\"><strong><\/strong><\/span><\/h3>\n<h3 class=\"font_7 wixui-rich-text__text\" style=\"text-align: justify;\"><span style=\"color: #33cccc;\"><strong>Pour les c\u00e9libataires <\/strong><\/span><\/h3>\n<div data-mesh-id=\"comp-m35r5rolinlineContent\" data-testid=\"inline-content\" class=\"\">\n<div data-mesh-id=\"comp-m35r5rolinlineContent-gridContainer\" data-testid=\"mesh-container-content\">\n<div id=\"comp-lqp8pwej3\" class=\"HcOXKn c9GqVL QxJLC3 lq2cno comp-lqp8pwej3 wixui-rich-text\" data-testid=\"richTextElement\">\n<p class=\"font_8 wixui-rich-text__text\" style=\"text-align: justify;\"><span class=\"wixui-rich-text__text\">L\u2019\u00e9quipe de DATE AVEC DIEU, chr\u00e9tienne et engag\u00e9e,\u00a0 s\u2019est\u00a0 form\u00e9e \u00e0 partir d\u2019une vision donn\u00e9e en 2019 : proposer<span>\u00a0<\/span>un temps de rencontre pour les c\u00e9libataires de 20 \u00e0 40 ans.<\/span><\/p>\n<p class=\"font_8 wixui-rich-text__text\" style=\"text-align: justify;\"><span class=\"wixui-rich-text__text\">Nous avons ainsi cr\u00e9\u00e9 un \u00ab espace-temps \u00bb pour permettre aux c\u00e9libataires de se rassembler pour se ressourcer, pour r\u00e9ajuster leurs vies \u00e0 la Parole de Dieu et se laisser surprendre par ce que le Seigneur veut faire<span>\u00a0<\/span>pour eux<span>\u00a0<\/span>et<span>\u00a0<\/span>avec eux, pour Sa Gloire.<\/span><\/p>\n<p class=\"font_8 wixui-rich-text__text\" style=\"text-align: justify;\"><span class=\"wixui-rich-text__text\">\u200b<\/span><\/p>\n<p class=\"font_8 wixui-rich-text__text\" style=\"text-align: justify;\"><span class=\"wixui-rich-text__text\">Ann\u00e9e apr\u00e8s ann\u00e9e, il nous est donn\u00e9 de rencontrer des personnes fantastiques, \u00e9mouvantes, dr\u00f4les et touchantes.\u00a0<\/span><span class=\"wixui-rich-text__text\">Nous sommes tellement reconnaissants \u00e0 Dieu pour ces moments partag\u00e9s.<\/span><\/p>\n<p class=\"font_8 wixui-rich-text__text\" style=\"text-align: justify;\"><span class=\"wixui-rich-text__text\"><\/span><\/p>\n<p class=\"font_8 wixui-rich-text__text\" style=\"text-align: justify;\"><span class=\"wixui-rich-text__text\"><\/span><\/p>\n<\/div>\n<\/div>\n<\/div>\n<p>[\/et_pb_text][\/et_pb_column][\/et_pb_row][\/et_pb_section][et_pb_section fb_built=\u00a0\u00bb1&Prime; specialty=\u00a0\u00bbon\u00a0\u00bb _builder_version=\u00a0\u00bb4.27.4&Prime; _module_preset=\u00a0\u00bbdefault\u00a0\u00bb background_color=\u00a0\u00bb#FFFFFF\u00a0\u00bb top_divider_color=\u00a0\u00bb#ec6069&Prime; hover_enabled=\u00a0\u00bb0&Prime; background_color_phone=\u00a0\u00bb#FFFFFF\u00a0\u00bb background_last_edited=\u00a0\u00bbon|phone\u00a0\u00bb background_enable_color_phone=\u00a0\u00bbon\u00a0\u00bb global_colors_info=\u00a0\u00bb{}\u00a0\u00bb sticky_enabled=\u00a0\u00bb0&Prime;][et_pb_column type=\u00a0\u00bb1_2&Prime; _builder_version=\u00a0\u00bb4.16&Prime; _module_preset=\u00a0\u00bbdefault\u00a0\u00bb custom_padding=\u00a0\u00bb|||\u00a0\u00bb global_colors_info=\u00a0\u00bb{}\u00a0\u00bb custom_padding__hover=\u00a0\u00bb|||\u00a0\u00bb][et_pb_text content_tablet=\u00a0\u00bb<\/p>\n<h3 id=%22-b-data-preserve-html-node-true-span-data-preserve-html-node-true-style-font-size-1-1em-span-data-preserve-html-node-true-style-color-5b9e28-comment-a-se-passe-span-span-b-%22><b data-preserve-html-node=%22true%22><span data-preserve-html-node=%22true%22>La 5\u00e8me \u00e9dition est l\u00e0 !<\/span><\/b><\/h3>\n<p class=%22font_7 wixui-rich-text__text%22><span class=%22wixui-rich-text__text%22>Chaque ann\u00e9e le Seigneur inspire un th\u00e8me nouveau \u00e0 partager.<\/span><\/p>\n<p class=%22font_7 wixui-rich-text__text%22><span class=%22wixui-rich-text__text%22>Chaque session est richement b\u00e9nie et rejoint chacun, chacune, dans sa situation personnelle et ses interrogations du moment.<\/span><\/p>\n<p class=%22font_7 wixui-rich-text__text%22><span class=%22wixui-rich-text__text%22>Dieu est Grand, sois-en convaincu(e) ! <\/span><\/p>\n<p class=%22font_7 wixui-rich-text__text%22><span class=%22wixui-rich-text__text%22><span class=%22wixGuard wixui-rich-text__text%22> <\/span><\/span><\/p>\n<p>\u00a0\u00bb content_phone=\u00a0\u00bb<\/p>\n<h3 id=%22-b-data-preserve-html-node-true-span-data-preserve-html-node-true-style-font-size-1-1em-span-data-preserve-html-node-true-style-color-5b9e28-comment-a-se-passe-span-span-b-%22><b data-preserve-html-node=%22true%22><span data-preserve-html-node=%22true%22>La 5\u00e8me \u00e9dition est l\u00e0 !<\/span><\/b><\/h3>\n<p class=%22font_7 wixui-rich-text__text%22><span class=%22wixui-rich-text__text%22>Chaque ann\u00e9e le Seigneur inspire un th\u00e8me nouveau \u00e0 partager.<\/span><\/p>\n<p class=%22font_7 wixui-rich-text__text%22><span class=%22wixui-rich-text__text%22>Chaque session est richement b\u00e9nie et rejoint chacun, chacune, dans sa situation personnelle et ses interrogations du moment.<\/span><\/p>\n<p class=%22font_7 wixui-rich-text__text%22><span class=%22wixui-rich-text__text%22>Dieu est Grand, sois-en convaincu(e) !<\/span><span class=%22wixui-rich-text__text%22><span class=%22wixGuard wixui-rich-text__text%22> <\/span><\/span><\/p>\n<p>\u00a0\u00bb content_last_edited=\u00a0\u00bbon|phone\u00a0\u00bb _builder_version=\u00a0\u00bb4.27.4&Prime; _module_preset=\u00a0\u00bbdefault\u00a0\u00bb text_text_color=\u00a0\u00bb#FFFFFF\u00a0\u00bb header_3_text_color=\u00a0\u00bb#590059&Prime; custom_margin=\u00a0\u00bb6px||||false|false\u00a0\u00bb custom_padding=\u00a0\u00bb13px|||||\u00a0\u00bb hover_enabled=\u00a0\u00bb0&Prime; text_text_color_tablet=\u00a0\u00bb#FFFFFF\u00a0\u00bb text_text_color_phone=\u00a0\u00bb#43b8b3&Prime; text_text_color_last_edited=\u00a0\u00bbon|phone\u00a0\u00bb header_3_text_color_tablet=\u00a0\u00bb#590059&Prime; header_3_text_color_phone=\u00a0\u00bb#590059&Prime; header_3_text_color_last_edited=\u00a0\u00bbon|desktop\u00a0\u00bb border_radii_tablet=\u00a0\u00bb\u00a0\u00bb border_radii_phone=\u00a0\u00bb\u00a0\u00bb border_radii_last_edited=\u00a0\u00bbon|phone\u00a0\u00bb border_width_all_tablet=\u00a0\u00bb\u00a0\u00bb border_width_all_phone=\u00a0\u00bb\u00a0\u00bb border_width_all_last_edited=\u00a0\u00bbon|phone\u00a0\u00bb border_width_top_tablet=\u00a0\u00bb\u00a0\u00bb border_width_top_phone=\u00a0\u00bb3px\u00a0\u00bb border_width_top_last_edited=\u00a0\u00bbon|phone\u00a0\u00bb border_color_top_tablet=\u00a0\u00bb\u00a0\u00bb border_color_top_phone=\u00a0\u00bb#00938e\u00a0\u00bb border_color_top_last_edited=\u00a0\u00bbon|phone\u00a0\u00bb border_style_top_tablet=\u00a0\u00bb\u00a0\u00bb border_style_top_phone=\u00a0\u00bbsolid\u00a0\u00bb border_style_top_last_edited=\u00a0\u00bbon|phone\u00a0\u00bb global_colors_info=\u00a0\u00bb{}\u00a0\u00bb sticky_enabled=\u00a0\u00bb0&Prime;]<\/p>\n<h3 id=\"-b-data-preserve-html-node-true-span-data-preserve-html-node-true-style-font-size-1-1em-span-data-preserve-html-node-true-style-color-5b9e28-comment-a-se-passe-span-span-b-\"><span style=\"color: #333333;\"><b data-preserve-html-node=\"true\">La 5\u00e8me \u00e9dition est l\u00e0 !<\/b><\/span><\/h3>\n<p class=\"font_7 wixui-rich-text__text\"><span style=\"color: #808080;\"><strong><span class=\"wixui-rich-text__text\">D\u00e9couvrir ou red\u00e9couvrir la saveur de Dieu<\/span><span class=\"wixui-rich-text__text\">\u200b.<\/span><\/strong><\/span><\/p>\n<p class=\"font_7 wixui-rich-text__text\"><span class=\"wixui-rich-text__text\" style=\"color: #808080;\">Tout le monde le sait, go\u00fbter un aliment dans son contexte d&rsquo;origine ou transform\u00e9 ne procure ni la m\u00eame saveur ni les m\u00eames bienfaits.<\/span><\/p>\n<p class=\"font_8 wixui-rich-text__text\"><span class=\"wixui-rich-text__text\" style=\"color: #808080;\">\u200bLes circonstances et le temps n&rsquo;ont pas modifi\u00e9 la nature divine, elle est toujours aussi d\u00e9licieuse et bienfaisante !<\/span><\/p>\n<p class=\"font_8 wixui-rich-text__text\"><span class=\"wixui-rich-text__text\" style=\"color: #808080;\">Il est temps de se mettre \u00e0 Sa table &#8230;<\/span><\/p>\n<p class=\"font_7 wixui-rich-text__text\"><span class=\"wixui-rich-text__text\"><span class=\"wixGuard wixui-rich-text__text\">\u200b<\/span><\/span><\/p>\n<p>[\/et_pb_text][et_pb_button button_url=\u00a0\u00bbhttps:\/\/www.dateavecdieu.com\/\u00a0\u00bb button_text=\u00a0\u00bbPour en savoir plus\u00a0\u00bb _builder_version=\u00a0\u00bb4.27.4&Prime; _module_preset=\u00a0\u00bbdefault\u00a0\u00bb custom_button=\u00a0\u00bbon\u00a0\u00bb button_text_color=\u00a0\u00bb#FFFFFF\u00a0\u00bb button_bg_color=\u00a0\u00bb#43b8b3&Prime; button_border_width=\u00a0\u00bb0px\u00a0\u00bb button_border_radius=\u00a0\u00bb9px\u00a0\u00bb button_icon_color=\u00a0\u00bb#FFFFFF\u00a0\u00bb box_shadow_style=\u00a0\u00bbpreset4&Prime; box_shadow_horizontal=\u00a0\u00bb8px\u00a0\u00bb global_colors_info=\u00a0\u00bb{}\u00a0\u00bb][\/et_pb_button][\/et_pb_column][et_pb_column type=\u00a0\u00bb1_2&Prime; specialty_columns=\u00a0\u00bb2&Prime; _builder_version=\u00a0\u00bb4.16&Prime; _module_preset=\u00a0\u00bbdefault\u00a0\u00bb custom_padding=\u00a0\u00bb|||\u00a0\u00bb global_colors_info=\u00a0\u00bb{}\u00a0\u00bb custom_padding__hover=\u00a0\u00bb|||\u00a0\u00bb][et_pb_row_inner make_equal=\u00a0\u00bbon\u00a0\u00bb _builder_version=\u00a0\u00bb4.27.0&Prime; _module_preset=\u00a0\u00bbdefault\u00a0\u00bb global_colors_info=\u00a0\u00bb{}\u00a0\u00bb][et_pb_column_inner saved_specialty_column_type=\u00a0\u00bb1_2&Prime; _builder_version=\u00a0\u00bb4.27.0&Prime; _module_preset=\u00a0\u00bbdefault\u00a0\u00bb global_colors_info=\u00a0\u00bb{}\u00a0\u00bb][et_pb_image src=\u00a0\u00bbhttps:\/\/eglise-acm.org\/wp-content\/uploads\/2024\/12\/evenements-DATE-avec-Dieu-2025-site-ACM_Plan-de-travail-1.png\u00a0\u00bb title_text=\u00a0\u00bb\u00e9v\u00e8nements DATE avec Dieu 2025 site ACM_Plan de travail 1&Prime; _builder_version=\u00a0\u00bb4.27.4&Prime; _module_preset=\u00a0\u00bbdefault\u00a0\u00bb width=\u00a0\u00bb100%\u00a0\u00bb width_tablet=\u00a0\u00bb85%\u00a0\u00bb width_phone=\u00a0\u00bb85%\u00a0\u00bb width_last_edited=\u00a0\u00bbon|phone\u00a0\u00bb max_width=\u00a0\u00bb100%\u00a0\u00bb max_width_tablet=\u00a0\u00bb84%\u00a0\u00bb max_width_phone=\u00a0\u00bb100%\u00a0\u00bb max_width_last_edited=\u00a0\u00bbon|phone\u00a0\u00bb module_alignment=\u00a0\u00bbcenter\u00a0\u00bb border_radii=\u00a0\u00bbon|11px|11px|11px|11px\u00a0\u00bb box_shadow_style=\u00a0\u00bbpreset4&Prime; global_colors_info=\u00a0\u00bb{}\u00a0\u00bb][\/et_pb_image][\/et_pb_column_inner][\/et_pb_row_inner][\/et_pb_column][\/et_pb_section]<\/p>\n","protected":false},"excerpt":{"rendered":"<p>Pour les c\u00e9libataires L\u2019\u00e9quipe de DATE AVEC DIEU, chr\u00e9tienne et engag\u00e9e,\u00a0 s\u2019est\u00a0 form\u00e9e \u00e0 partir d\u2019une vision donn\u00e9e en 2019 : proposer\u00a0un temps de rencontre pour les c\u00e9libataires de 20 [&hellip;]<\/p>\n","protected":false},"author":5,"featured_media":0,"parent":0,"menu_order":0,"comment_status":"closed","ping_status":"closed","template":"","meta":{"_et_pb_use_builder":"on","_et_pb_old_content":"","_et_gb_content_width":"","footnotes":""},"class_list":["post-927","page","type-page","status-publish","hentry"],"_links":{"self":[{"href":"https:\/\/eglise-acm.org\/index.php\/wp-json\/wp\/v2\/pages\/927","targetHints":{"allow":["GET"]}}],"collection":[{"href":"https:\/\/eglise-acm.org\/index.php\/wp-json\/wp\/v2\/pages"}],"about":[{"href":"https:\/\/eglise-acm.org\/index.php\/wp-json\/wp\/v2\/types\/page"}],"author":[{"embeddable":true,"href":"https:\/\/eglise-acm.org\/index.php\/wp-json\/wp\/v2\/users\/5"}],"replies":[{"embeddable":true,"href":"https:\/\/eglise-acm.org\/index.php\/wp-json\/wp\/v2\/comments?post=927"}],"version-history":[{"count":13,"href":"https:\/\/eglise-acm.org\/index.php\/wp-json\/wp\/v2\/pages\/927\/revisions"}],"predecessor-version":[{"id":1116,"href":"https:\/\/eglise-acm.org\/index.php\/wp-json\/wp\/v2\/pages\/927\/revisions\/1116"}],"wp:attachment":[{"href":"https:\/\/eglise-acm.org\/index.php\/wp-json\/wp\/v2\/media?parent=927"}],"curies":[{"name":"wp","href":"https:\/\/api.w.org\/{rel}","templated":true}]}}